{"id":9,"date":"2018-10-21T19:09:44","date_gmt":"2018-10-21T17:09:44","guid":{"rendered":"http:\/\/opticienviensvoir.net\/?page_id=9"},"modified":"2020-12-07T10:28:00","modified_gmt":"2020-12-07T09:28:00","slug":"contact","status":"publish","type":"page","link":"https:\/\/www.opticienviensvoir.net\/index.php\/contact\/","title":{"rendered":"Contact"},"content":{"rendered":"\t\t<div data-elementor-type=\"wp-post\" data-elementor-id=\"9\" class=\"elementor elementor-9\" data-elementor-settings=\"[]\">\n\t\t\t\t\t\t<div class=\"elementor-inner\">\n\t\t\t\t\t\t\t<div class=\"elementor-section-wrap\">\n\t\t\t\t\t\t\t<section class=\"elementor-section elementor-top-section elementor-element elementor-element-7a43af68 elementor-section-boxed elementor-section-height-default elementor-section-height-default\" data-id=\"7a43af68\" data-element_type=\"section\">\n\t\t\t\t\t\t<div class=\"elementor-container elementor-column-gap-default\">\n\t\t\t\t\t\t\t<div class=\"elementor-row\">\n\t\t\t\t\t<div class=\"elementor-column elementor-col-100 elementor-top-column elementor-element elementor-element-c8ba300\" data-id=\"c8ba300\" data-element_type=\"column\">\n\t\t\t<div class=\"elementor-column-wrap elementor-element-populated\">\n\t\t\t\t\t\t\t<div class=\"elementor-widget-wrap\">\n\t\t\t\t\t\t<div class=\"elementor-element elementor-element-1c184f37 elementor-widget elementor-widget-text-editor\" data-id=\"1c184f37\" data-element_type=\"widget\" data-widget_type=\"text-editor.default\">\n\t\t\t\t<div class=\"elementor-widget-container\">\n\t\t\t\t\t\t\t\t<div class=\"elementor-text-editor elementor-clearfix\">\n\t\t\t\t\t<p><strong>Adresse :\u00a0<\/strong><span style=\"font-size: 15px;\">53 rue Battant &#8211; 25000 BESANCON<\/span><\/p>\t\t\t\t\t<\/div>\n\t\t\t\t\t\t<\/div>\n\t\t\t\t<\/div>\n\t\t\t\t<div class=\"elementor-element elementor-element-979accb elementor-widget elementor-widget-google_maps\" data-id=\"979accb\" data-element_type=\"widget\" data-widget_type=\"google_maps.default\">\n\t\t\t\t<div class=\"elementor-widget-container\">\n\t\t\t\t\t<div class=\"elementor-custom-embed\">\n\t\t\t<iframe frameborder=\"0\" scrolling=\"no\" marginheight=\"0\" marginwidth=\"0\" src=\"https:\/\/maps.google.com\/maps?q=Viens%20Voir%2C%20rue%20Battant%2C%20Besan%C3%A7on%2C%20France&amp;t=m&amp;z=15&amp;output=embed&amp;iwloc=near\" title=\"%3$s\" aria-label=\"%3$s\"><\/iframe>\n\t\t<\/div>\n\t\t\t\t<\/div>\n\t\t\t\t<\/div>\n\t\t\t\t<div class=\"elementor-element elementor-element-311e48a elementor-widget elementor-widget-spacer\" data-id=\"311e48a\" data-element_type=\"widget\" data-widget_type=\"spacer.default\">\n\t\t\t\t<div class=\"elementor-widget-container\">\n\t\t\t\t\t<div class=\"elementor-spacer\">\n\t\t\t<div class=\"elementor-spacer-inner\"><\/div>\n\t\t<\/div>\n\t\t\t\t<\/div>\n\t\t\t\t<\/div>\n\t\t\t\t<div class=\"elementor-element elementor-element-4f1bd18 elementor-widget elementor-widget-text-editor\" data-id=\"4f1bd18\" data-element_type=\"widget\" data-widget_type=\"text-editor.default\">\n\t\t\t\t<div class=\"elementor-widget-container\">\n\t\t\t\t\t\t\t\t<div class=\"elementor-text-editor elementor-clearfix\">\n\t\t\t\t\t<p><strong>T\u00e9l\u00e9phone<\/strong> :\u00a003.81.82.09.03<\/p><p><strong>Mail :<\/strong> matthias <strong>@<\/strong> opticienviensvoir.net<\/p><p><b>Instagram :\u00a0<\/b><a href=\"https:\/\/instagram.com\/opticienviensvoir\/\">https:\/\/instagram.com\/opticienviensvoir\/<\/a><\/p><p><b>Facebook :\u00a0<\/b><a href=\"https:\/\/www.facebook.com\/opticienviensvoir\">https:\/\/www.facebook.com\/opticienviensvoir<\/a><\/p>\t\t\t\t\t<\/div>\n\t\t\t\t\t\t<\/div>\n\t\t\t\t<\/div>\n\t\t\t\t\t\t<\/div>\n\t\t\t\t\t<\/div>\n\t\t<\/div>\n\t\t\t\t\t\t\t\t<\/div>\n\t\t\t\t\t<\/div>\n\t\t<\/section>\n\t\t\t\t\t\t<\/div>\n\t\t\t\t\t\t<\/div>\n\t\t\t\t\t<\/div>\n\t\t","protected":false},"excerpt":{"rendered":"<p>Adresse :&nbsp;53 rue Battant &#8211; 25000 BESANCON T\u00e9l\u00e9phone :&nbsp;03.81.82.09.03 Mail : matthias @ opticienviensvoir.net Instagram :&nbsp;https:\/\/instagram.com\/opticienviensvoir\/ Facebook :&nbsp;https:\/\/www.facebook.com\/opticienviensvoir<\/p>\n","protected":false},"author":1,"featured_media":15,"parent":0,"menu_order":0,"comment_status":"closed","ping_status":"closed","template":"","meta":[],"yoast_head":"<!-- This site is optimized with the Yoast SEO plugin v19.13 - https:\/\/yoast.com\/wordpress\/plugins\/seo\/ -->\n<title>Contact - Viens Voir - Opticien<\/title>\n<meta name=\"description\" content=\"Votre opticien VIENS VOIR \u00e0 Besan\u00e7on vous accueille dans sa boutique situ\u00e9e au 53 rue Battant. D\u00e9couvrez une large s\u00e9lection de montures tendance et de qualit\u00e9.\" \/>\n<meta name=\"robots\" content=\"index, follow, max-snippet:-1, max-image-preview:large, max-video-preview:-1\" \/>\n<link rel=\"canonical\" href=\"https:\/\/www.opticienviensvoir.net\/index.php\/contact\/\" \/>\n<meta property=\"og:locale\" content=\"fr_FR\" \/>\n<meta property=\"og:type\" content=\"article\" \/>\n<meta property=\"og:title\" content=\"Contact - Viens Voir - Opticien\" \/>\n<meta property=\"og:description\" content=\"Votre opticien VIENS VOIR \u00e0 Besan\u00e7on vous accueille dans sa boutique situ\u00e9e au 53 rue Battant. D\u00e9couvrez une large s\u00e9lection de montures tendance et de qualit\u00e9.\" \/>\n<meta property=\"og:url\" content=\"https:\/\/www.opticienviensvoir.net\/index.php\/contact\/\" \/>\n<meta property=\"og:site_name\" content=\"Viens Voir - Opticien\" \/>\n<meta property=\"article:publisher\" content=\"https:\/\/www.facebook.com\/opticienviensvoir\" \/>\n<meta property=\"article:modified_time\" content=\"2020-12-07T09:28:00+00:00\" \/>\n<meta property=\"og:image\" content=\"https:\/\/www.opticienviensvoir.net\/wp-content\/uploads\/2018\/10\/viensvoirpano-1024x288.jpg\" \/>\n\t<meta property=\"og:image:width\" content=\"1024\" \/>\n\t<meta property=\"og:image:height\" content=\"288\" \/>\n\t<meta property=\"og:image:type\" content=\"image\/jpeg\" \/>\n<meta name=\"twitter:card\" content=\"summary_large_image\" \/>\n<script type=\"application\/ld+json\" class=\"yoast-schema-graph\">{\"@context\":\"https:\/\/schema.org\",\"@graph\":[{\"@type\":\"WebPage\",\"@id\":\"https:\/\/www.opticienviensvoir.net\/index.php\/contact\/\",\"url\":\"https:\/\/www.opticienviensvoir.net\/index.php\/contact\/\",\"name\":\"Contact - Viens Voir - Opticien\",\"isPartOf\":{\"@id\":\"https:\/\/www.opticienviensvoir.net\/#website\"},\"datePublished\":\"2018-10-21T17:09:44+00:00\",\"dateModified\":\"2020-12-07T09:28:00+00:00\",\"description\":\"Votre opticien VIENS VOIR \u00e0 Besan\u00e7on vous accueille dans sa boutique situ\u00e9e au 53 rue Battant. D\u00e9couvrez une large s\u00e9lection de montures tendance et de qualit\u00e9.\",\"breadcrumb\":{\"@id\":\"https:\/\/www.opticienviensvoir.net\/index.php\/contact\/#breadcrumb\"},\"inLanguage\":\"fr-FR\",\"potentialAction\":[{\"@type\":\"ReadAction\",\"target\":[\"https:\/\/www.opticienviensvoir.net\/index.php\/contact\/\"]}]},{\"@type\":\"BreadcrumbList\",\"@id\":\"https:\/\/www.opticienviensvoir.net\/index.php\/contact\/#breadcrumb\",\"itemListElement\":[{\"@type\":\"ListItem\",\"position\":1,\"name\":\"Accueil\",\"item\":\"https:\/\/www.opticienviensvoir.net\/\"},{\"@type\":\"ListItem\",\"position\":2,\"name\":\"Contact\"}]},{\"@type\":\"WebSite\",\"@id\":\"https:\/\/www.opticienviensvoir.net\/#website\",\"url\":\"https:\/\/www.opticienviensvoir.net\/\",\"name\":\"Viens Voir - Opticien\",\"description\":\"\",\"publisher\":{\"@id\":\"https:\/\/www.opticienviensvoir.net\/#organization\"},\"potentialAction\":[{\"@type\":\"SearchAction\",\"target\":{\"@type\":\"EntryPoint\",\"urlTemplate\":\"https:\/\/www.opticienviensvoir.net\/?s={search_term_string}\"},\"query-input\":\"required name=search_term_string\"}],\"inLanguage\":\"fr-FR\"},{\"@type\":\"Organization\",\"@id\":\"https:\/\/www.opticienviensvoir.net\/#organization\",\"name\":\"Opticien Viens Voir\",\"url\":\"https:\/\/www.opticienviensvoir.net\/\",\"logo\":{\"@type\":\"ImageObject\",\"inLanguage\":\"fr-FR\",\"@id\":\"https:\/\/www.opticienviensvoir.net\/#\/schema\/logo\/image\/\",\"url\":\"https:\/\/www.opticienviensvoir.net\/wp-content\/uploads\/2018\/10\/viensvoirlogo.jpg\",\"contentUrl\":\"https:\/\/www.opticienviensvoir.net\/wp-content\/uploads\/2018\/10\/viensvoirlogo.jpg\",\"width\":1252,\"height\":748,\"caption\":\"Opticien Viens Voir\"},\"image\":{\"@id\":\"https:\/\/www.opticienviensvoir.net\/#\/schema\/logo\/image\/\"},\"sameAs\":[\"https:\/\/www.instagram.com\/opticienviensvoir\/\",\"https:\/\/www.facebook.com\/opticienviensvoir\"]}]}<\/script>\n<!-- \/ Yoast SEO plugin. -->","yoast_head_json":{"title":"Contact - Viens Voir - Opticien","description":"Votre opticien VIENS VOIR \u00e0 Besan\u00e7on vous accueille dans sa boutique situ\u00e9e au 53 rue Battant. D\u00e9couvrez une large s\u00e9lection de montures tendance et de qualit\u00e9.","robots":{"index":"index","follow":"follow","max-snippet":"max-snippet:-1","max-image-preview":"max-image-preview:large","max-video-preview":"max-video-preview:-1"},"canonical":"https:\/\/www.opticienviensvoir.net\/index.php\/contact\/","og_locale":"fr_FR","og_type":"article","og_title":"Contact - Viens Voir - Opticien","og_description":"Votre opticien VIENS VOIR \u00e0 Besan\u00e7on vous accueille dans sa boutique situ\u00e9e au 53 rue Battant. D\u00e9couvrez une large s\u00e9lection de montures tendance et de qualit\u00e9.","og_url":"https:\/\/www.opticienviensvoir.net\/index.php\/contact\/","og_site_name":"Viens Voir - Opticien","article_publisher":"https:\/\/www.facebook.com\/opticienviensvoir","article_modified_time":"2020-12-07T09:28:00+00:00","og_image":[{"width":1024,"height":288,"url":"https:\/\/www.opticienviensvoir.net\/wp-content\/uploads\/2018\/10\/viensvoirpano-1024x288.jpg","type":"image\/jpeg"}],"twitter_card":"summary_large_image","schema":{"@context":"https:\/\/schema.org","@graph":[{"@type":"WebPage","@id":"https:\/\/www.opticienviensvoir.net\/index.php\/contact\/","url":"https:\/\/www.opticienviensvoir.net\/index.php\/contact\/","name":"Contact - Viens Voir - Opticien","isPartOf":{"@id":"https:\/\/www.opticienviensvoir.net\/#website"},"datePublished":"2018-10-21T17:09:44+00:00","dateModified":"2020-12-07T09:28:00+00:00","description":"Votre opticien VIENS VOIR \u00e0 Besan\u00e7on vous accueille dans sa boutique situ\u00e9e au 53 rue Battant. D\u00e9couvrez une large s\u00e9lection de montures tendance et de qualit\u00e9.","breadcrumb":{"@id":"https:\/\/www.opticienviensvoir.net\/index.php\/contact\/#breadcrumb"},"inLanguage":"fr-FR","potentialAction":[{"@type":"ReadAction","target":["https:\/\/www.opticienviensvoir.net\/index.php\/contact\/"]}]},{"@type":"BreadcrumbList","@id":"https:\/\/www.opticienviensvoir.net\/index.php\/contact\/#breadcrumb","itemListElement":[{"@type":"ListItem","position":1,"name":"Accueil","item":"https:\/\/www.opticienviensvoir.net\/"},{"@type":"ListItem","position":2,"name":"Contact"}]},{"@type":"WebSite","@id":"https:\/\/www.opticienviensvoir.net\/#website","url":"https:\/\/www.opticienviensvoir.net\/","name":"Viens Voir - Opticien","description":"","publisher":{"@id":"https:\/\/www.opticienviensvoir.net\/#organization"},"potentialAction":[{"@type":"SearchAction","target":{"@type":"EntryPoint","urlTemplate":"https:\/\/www.opticienviensvoir.net\/?s={search_term_string}"},"query-input":"required name=search_term_string"}],"inLanguage":"fr-FR"},{"@type":"Organization","@id":"https:\/\/www.opticienviensvoir.net\/#organization","name":"Opticien Viens Voir","url":"https:\/\/www.opticienviensvoir.net\/","logo":{"@type":"ImageObject","inLanguage":"fr-FR","@id":"https:\/\/www.opticienviensvoir.net\/#\/schema\/logo\/image\/","url":"https:\/\/www.opticienviensvoir.net\/wp-content\/uploads\/2018\/10\/viensvoirlogo.jpg","contentUrl":"https:\/\/www.opticienviensvoir.net\/wp-content\/uploads\/2018\/10\/viensvoirlogo.jpg","width":1252,"height":748,"caption":"Opticien Viens Voir"},"image":{"@id":"https:\/\/www.opticienviensvoir.net\/#\/schema\/logo\/image\/"},"sameAs":["https:\/\/www.instagram.com\/opticienviensvoir\/","https:\/\/www.facebook.com\/opticienviensvoir"]}]}},"_links":{"self":[{"href":"https:\/\/www.opticienviensvoir.net\/index.php\/wp-json\/wp\/v2\/pages\/9"}],"collection":[{"href":"https:\/\/www.opticienviensvoir.net\/index.php\/wp-json\/wp\/v2\/pages"}],"about":[{"href":"https:\/\/www.opticienviensvoir.net\/index.php\/wp-json\/wp\/v2\/types\/page"}],"author":[{"embeddable":true,"href":"https:\/\/www.opticienviensvoir.net\/index.php\/wp-json\/wp\/v2\/users\/1"}],"replies":[{"embeddable":true,"href":"https:\/\/www.opticienviensvoir.net\/index.php\/wp-json\/wp\/v2\/comments?post=9"}],"version-history":[{"count":8,"href":"https:\/\/www.opticienviensvoir.net\/index.php\/wp-json\/wp\/v2\/pages\/9\/revisions"}],"predecessor-version":[{"id":131,"href":"https:\/\/www.opticienviensvoir.net\/index.php\/wp-json\/wp\/v2\/pages\/9\/revisions\/131"}],"wp:featuredmedia":[{"embeddable":true,"href":"https:\/\/www.opticienviensvoir.net\/index.php\/wp-json\/wp\/v2\/media\/15"}],"wp:attachment":[{"href":"https:\/\/www.opticienviensvoir.net\/index.php\/wp-json\/wp\/v2\/media?parent=9"}],"curies":[{"name":"wp","href":"https:\/\/api.w.org\/{rel}","templated":true}]}}